{"id":446,"date":"2020-04-07T05:16:15","date_gmt":"2020-04-07T05:16:15","guid":{"rendered":"https:\/\/vush.ch\/?page_id=446"},"modified":"2026-02-03T18:11:51","modified_gmt":"2026-02-03T16:11:51","slug":"statuten","status":"publish","type":"page","link":"https:\/\/vush.ch\/it\/statuten\/","title":{"rendered":"Statuto"},"content":{"rendered":"\t\t<div data-elementor-type=\"wp-page\" data-elementor-id=\"446\" class=\"elementor elementor-446\">\n\t\t\t\t\t\t<section class=\"elementor-section elementor-top-section elementor-element elementor-element-84a654a elementor-section-full_width elementor-section-content-middle elementor-section-height-default elementor-section-height-default\" data-id=\"84a654a\" data-element_type=\"section\" data-settings=\"{&quot;jet_parallax_layout_list&quot;:[{&quot;jet_parallax_layout_image&quot;:{&quot;url&quot;:&quot;&quot;,&quot;id&quot;:&quot;&quot;,&quot;size&quot;:&quot;&quot;},&quot;_id&quot;:&quot;a7aa8a2&quot;,&quot;jet_parallax_layout_image_tablet&quot;:{&quot;url&quot;:&quot;&quot;,&quot;id&quot;:&quot;&quot;,&quot;size&quot;:&quot;&quot;},&quot;jet_parallax_layout_image_mobile&quot;:{&quot;url&quot;:&quot;&quot;,&quot;id&quot;:&quot;&quot;,&quot;size&quot;:&quot;&quot;},&quot;jet_parallax_layout_speed&quot;:{&quot;unit&quot;:&quot;%&quot;,&quot;size&quot;:50,&quot;sizes&quot;:[]},&quot;jet_parallax_layout_type&quot;:&quot;scroll&quot;,&quot;jet_parallax_layout_direction&quot;:null,&quot;jet_parallax_layout_fx_direction&quot;:null,&quot;jet_parallax_layout_z_index&quot;:&quot;&quot;,&quot;jet_parallax_layout_bg_x&quot;:50,&quot;jet_parallax_layout_bg_x_tablet&quot;:&quot;&quot;,&quot;jet_parallax_layout_bg_x_mobile&quot;:&quot;&quot;,&quot;jet_parallax_layout_bg_y&quot;:50,&quot;jet_parallax_layout_bg_y_tablet&quot;:&quot;&quot;,&quot;jet_parallax_layout_bg_y_mobile&quot;:&quot;&quot;,&quot;jet_parallax_layout_bg_size&quot;:&quot;auto&quot;,&quot;jet_parallax_layout_bg_size_tablet&quot;:&quot;&quot;,&quot;jet_parallax_layout_bg_size_mobile&quot;:&quot;&quot;,&quot;jet_parallax_layout_animation_prop&quot;:&quot;transform&quot;,&quot;jet_parallax_layout_on&quot;:[&quot;desktop&quot;,&quot;tablet&quot;]}],&quot;background_background&quot;:&quot;classic&quot;}\">\n\t\t\t\t\t\t\t<div class=\"elementor-background-overlay\"><\/div>\n\t\t\t\t\t\t\t<div class=\"elementor-container elementor-column-gap-default\">\n\t\t\t\t\t<div class=\"elementor-column elementor-col-100 elementor-top-column elementor-element elementor-element-43f0b5c\" data-id=\"43f0b5c\" data-element_type=\"column\">\n\t\t\t<div class=\"elementor-widget-wrap elementor-element-populated\">\n\t\t\t\t\t\t<div class=\"elementor-element elementor-element-720163b elementor-widget elementor-widget-heading\" data-id=\"720163b\" data-element_type=\"widget\" data-widget_type=\"heading.default\">\n\t\t\t\t<div class=\"elementor-widget-container\">\n\t\t\t\t\t<h1 class=\"elementor-heading-title elementor-size-default\">UNSER EHRENKODEX<\/h1>\t\t\t\t<\/div>\n\t\t\t\t<\/div>\n\t\t\t\t<div class=\"elementor-element elementor-element-fb38dbb elementor-widget elementor-widget-text-editor\" data-id=\"fb38dbb\" data-element_type=\"widget\" data-widget_type=\"text-editor.default\">\n\t\t\t\t<div class=\"elementor-widget-container\">\n\t\t\t\t\t\t\t\t\t<p>Die Mitglieder des VUSH versprechen:<\/p>\t\t\t\t\t\t\t\t<\/div>\n\t\t\t\t<\/div>\n\t\t\t\t\t<\/div>\n\t\t<\/div>\n\t\t\t\t\t<\/div>\n\t\t<\/section>\n\t\t\t\t<section class=\"elementor-section elementor-top-section elementor-element elementor-element-353d9b9 elementor-section-content-middle elementor-section-boxed elementor-section-height-default elementor-section-height-default\" data-id=\"353d9b9\" data-element_type=\"section\" data-settings=\"{&quot;jet_parallax_layout_list&quot;:[{&quot;jet_parallax_layout_image&quot;:{&quot;url&quot;:&quot;&quot;,&quot;id&quot;:&quot;&quot;,&quot;size&quot;:&quot;&quot;},&quot;_id&quot;:&quot;beb5e0f&quot;,&quot;jet_parallax_layout_image_tablet&quot;:{&quot;url&quot;:&quot;&quot;,&quot;id&quot;:&quot;&quot;,&quot;size&quot;:&quot;&quot;},&quot;jet_parallax_layout_image_mobile&quot;:{&quot;url&quot;:&quot;&quot;,&quot;id&quot;:&quot;&quot;,&quot;size&quot;:&quot;&quot;},&quot;jet_parallax_layout_speed&quot;:{&quot;unit&quot;:&quot;%&quot;,&quot;size&quot;:50,&quot;sizes&quot;:[]},&quot;jet_parallax_layout_type&quot;:&quot;scroll&quot;,&quot;jet_parallax_layout_direction&quot;:null,&quot;jet_parallax_layout_fx_direction&quot;:null,&quot;jet_parallax_layout_z_index&quot;:&quot;&quot;,&quot;jet_parallax_layout_bg_x&quot;:50,&quot;jet_parallax_layout_bg_x_tablet&quot;:&quot;&quot;,&quot;jet_parallax_layout_bg_x_mobile&quot;:&quot;&quot;,&quot;jet_parallax_layout_bg_y&quot;:50,&quot;jet_parallax_layout_bg_y_tablet&quot;:&quot;&quot;,&quot;jet_parallax_layout_bg_y_mobile&quot;:&quot;&quot;,&quot;jet_parallax_layout_bg_size&quot;:&quot;auto&quot;,&quot;jet_parallax_layout_bg_size_tablet&quot;:&quot;&quot;,&quot;jet_parallax_layout_bg_size_mobile&quot;:&quot;&quot;,&quot;jet_parallax_layout_animation_prop&quot;:&quot;transform&quot;,&quot;jet_parallax_layout_on&quot;:[&quot;desktop&quot;,&quot;tablet&quot;]}]}\">\n\t\t\t\t\t\t<div class=\"elementor-container elementor-column-gap-default\">\n\t\t\t\t\t<div class=\"elementor-column elementor-col-100 elementor-top-column elementor-element elementor-element-deba71a\" data-id=\"deba71a\" data-element_type=\"column\">\n\t\t\t<div class=\"elementor-widget-wrap elementor-element-populated\">\n\t\t\t\t\t\t<section class=\"elementor-section elementor-inner-section elementor-element elementor-element-ecd50b1 elementor-section-boxed elementor-section-height-default elementor-section-height-default\" data-id=\"ecd50b1\" data-element_type=\"section\" data-settings=\"{&quot;jet_parallax_layout_list&quot;:[{&quot;jet_parallax_layout_image&quot;:{&quot;url&quot;:&quot;&quot;,&quot;id&quot;:&quot;&quot;,&quot;size&quot;:&quot;&quot;},&quot;_id&quot;:&quot;6c39942&quot;,&quot;jet_parallax_layout_image_tablet&quot;:{&quot;url&quot;:&quot;&quot;,&quot;id&quot;:&quot;&quot;,&quot;size&quot;:&quot;&quot;},&quot;jet_parallax_layout_image_mobile&quot;:{&quot;url&quot;:&quot;&quot;,&quot;id&quot;:&quot;&quot;,&quot;size&quot;:&quot;&quot;},&quot;jet_parallax_layout_speed&quot;:{&quot;unit&quot;:&quot;%&quot;,&quot;size&quot;:50,&quot;sizes&quot;:[]},&quot;jet_parallax_layout_type&quot;:&quot;scroll&quot;,&quot;jet_parallax_layout_direction&quot;:null,&quot;jet_parallax_layout_fx_direction&quot;:null,&quot;jet_parallax_layout_z_index&quot;:&quot;&quot;,&quot;jet_parallax_layout_bg_x&quot;:50,&quot;jet_parallax_layout_bg_x_tablet&quot;:&quot;&quot;,&quot;jet_parallax_layout_bg_x_mobile&quot;:&quot;&quot;,&quot;jet_parallax_layout_bg_y&quot;:50,&quot;jet_parallax_layout_bg_y_tablet&quot;:&quot;&quot;,&quot;jet_parallax_layout_bg_y_mobile&quot;:&quot;&quot;,&quot;jet_parallax_layout_bg_size&quot;:&quot;auto&quot;,&quot;jet_parallax_layout_bg_size_tablet&quot;:&quot;&quot;,&quot;jet_parallax_layout_bg_size_mobile&quot;:&quot;&quot;,&quot;jet_parallax_layout_animation_prop&quot;:&quot;transform&quot;,&quot;jet_parallax_layout_on&quot;:[&quot;desktop&quot;,&quot;tablet&quot;]}]}\">\n\t\t\t\t\t\t<div class=\"elementor-container elementor-column-gap-default\">\n\t\t\t\t\t<div class=\"elementor-column elementor-col-33 elementor-inner-column elementor-element elementor-element-39ed6d5\" data-id=\"39ed6d5\" data-element_type=\"column\">\n\t\t\t<div class=\"elementor-widget-wrap elementor-element-populated\">\n\t\t\t\t\t\t<div class=\"elementor-element elementor-element-d29febe elementor-position-left elementor-vertical-align-top elementor-widget elementor-widget-image-box\" data-id=\"d29febe\" data-element_type=\"widget\" data-widget_type=\"image-box.default\">\n\t\t\t\t<div class=\"elementor-widget-container\">\n\t\t\t\t\t<div class=\"elementor-image-box-wrapper\"><figure class=\"elementor-image-box-img\"><img decoding=\"async\" width=\"100\" height=\"100\" src=\"https:\/\/vush.ch\/wp-content\/uploads\/2020\/04\/icons8-guarantee-100.png\" class=\"attachment-full size-full wp-image-421\" alt=\"guarantee-icon\" \/><\/figure><div class=\"elementor-image-box-content\"><p class=\"elementor-image-box-title\">Qualit\u00e4t &amp; Professionalit\u00e4t<\/p><p class=\"elementor-image-box-description\"><ul><li>Einen hohen Qualit\u00e4tsstandard in zeit- und kosteng\u00fcnstiger Art und Weise zu erbringen. <li>Jederzeit die h\u00f6chsten Professionalit\u00e4tsstandards einzuhalten. <li>Eine gute Gesch\u00e4ftsethik zu \npraktizieren. <\/li><\/ul><\/p><\/div><\/div>\t\t\t\t<\/div>\n\t\t\t\t<\/div>\n\t\t\t\t\t<\/div>\n\t\t<\/div>\n\t\t\t\t<div class=\"elementor-column elementor-col-33 elementor-inner-column elementor-element elementor-element-125f3fa\" data-id=\"125f3fa\" data-element_type=\"column\">\n\t\t\t<div class=\"elementor-widget-wrap elementor-element-populated\">\n\t\t\t\t\t\t<div class=\"elementor-element elementor-element-746a1bb elementor-position-left elementor-vertical-align-top elementor-widget elementor-widget-image-box\" data-id=\"746a1bb\" data-element_type=\"widget\" data-widget_type=\"image-box.default\">\n\t\t\t\t<div class=\"elementor-widget-container\">\n\t\t\t\t\t<div class=\"elementor-image-box-wrapper\"><figure class=\"elementor-image-box-img\"><img decoding=\"async\" width=\"100\" height=\"100\" src=\"https:\/\/vush.ch\/wp-content\/uploads\/2020\/04\/icons8-street-view-100.png\" class=\"attachment-full size-full wp-image-420\" alt=\"street-view-icon\" \/><\/figure><div class=\"elementor-image-box-content\"><p class=\"elementor-image-box-title\">Korrektes Verhalten<\/p><p class=\"elementor-image-box-description\"><ul><li>Verantwortungsbewusst, vorurteilslos und taktvoll zu handeln\n<li>Ihre Kunden anst\u00e4ndig und ehrlich zu vertreten. \n<li>Eine positive und professionelle Haltung in allen gesch\u00e4ftlichen Beziehungen einzunehmen.\n<li>Ihr Gesch\u00e4ft in einer f\u00fcr den Verband ehrenvollen Art und Weise zu f\u00fchren. \n<\/p><\/div><\/div>\t\t\t\t<\/div>\n\t\t\t\t<\/div>\n\t\t\t\t\t<\/div>\n\t\t<\/div>\n\t\t\t\t<div class=\"elementor-column elementor-col-33 elementor-inner-column elementor-element elementor-element-a83306c\" data-id=\"a83306c\" data-element_type=\"column\">\n\t\t\t<div class=\"elementor-widget-wrap elementor-element-populated\">\n\t\t\t\t\t\t<div class=\"elementor-element elementor-element-185ab98 elementor-position-left elementor-vertical-align-top elementor-widget elementor-widget-image-box\" data-id=\"185ab98\" data-element_type=\"widget\" data-widget_type=\"image-box.default\">\n\t\t\t\t<div class=\"elementor-widget-container\">\n\t\t\t\t\t<div class=\"elementor-image-box-wrapper\"><figure class=\"elementor-image-box-img\"><img decoding=\"async\" width=\"100\" height=\"100\" src=\"https:\/\/vush.ch\/wp-content\/uploads\/2020\/04\/icons8-security-s.png\" class=\"attachment-full size-full wp-image-419\" alt=\"security-icon\" \/><\/figure><div class=\"elementor-image-box-content\"><p class=\"elementor-image-box-title\">Transparenz <\/p><p class=\"elementor-image-box-description\"><ul><li>Eine angemessene und vern\u00fcnftige Preispolitik zu betreiben und allf\u00e4llige Entgegennahme von Kommissionen dem Kunden zu kommunizieren.\n<li>Ehrliche und sachbezogene Werbung zu betreiben. <\/p><\/div><\/div>\t\t\t\t<\/div>\n\t\t\t\t<\/div>\n\t\t\t\t\t<\/div>\n\t\t<\/div>\n\t\t\t\t\t<\/div>\n\t\t<\/section>\n\t\t\t\t<div class=\"elementor-element elementor-element-c66add2 elementor-widget elementor-widget-spacer\" data-id=\"c66add2\" data-element_type=\"widget\" data-widget_type=\"spacer.default\">\n\t\t\t\t<div class=\"elementor-widget-container\">\n\t\t\t\t\t\t\t<div class=\"elementor-spacer\">\n\t\t\t<div class=\"elementor-spacer-inner\"><\/div>\n\t\t<\/div>\n\t\t\t\t\t\t<\/div>\n\t\t\t\t<\/div>\n\t\t\t\t<div class=\"elementor-element elementor-element-b7b593c elementor-widget elementor-widget-text-editor\" data-id=\"b7b593c\" data-element_type=\"widget\" data-widget_type=\"text-editor.default\">\n\t\t\t\t<div class=\"elementor-widget-container\">\n\t\t\t\t\t\t\t\t\t<p style=\"text-align: center;\">Alle Einzelheiten zum Verband entnimmst du unseren <a href=\"https:\/\/vush.ch\/wp-content\/uploads\/2026\/01\/Statuten-VUSH-Version-29.01.2026.pdf\" target=\"_blank\" rel=\"noopener\">Statuten<\/a>.<\/p>\t\t\t\t\t\t\t\t<\/div>\n\t\t\t\t<\/div>\n\t\t\t\t\t<\/div>\n\t\t<\/div>\n\t\t\t\t\t<\/div>\n\t\t<\/section>\n\t\t\t\t<section class=\"elementor-section elementor-top-section elementor-element elementor-element-e3d842a elementor-section-boxed elementor-section-height-default elementor-section-height-default\" data-id=\"e3d842a\" data-element_type=\"section\" data-settings=\"{&quot;jet_parallax_layout_list&quot;:[{&quot;jet_parallax_layout_image&quot;:{&quot;url&quot;:&quot;&quot;,&quot;id&quot;:&quot;&quot;,&quot;size&quot;:&quot;&quot;},&quot;_id&quot;:&quot;f3a2dd1&quot;,&quot;jet_parallax_layout_image_tablet&quot;:{&quot;url&quot;:&quot;&quot;,&quot;id&quot;:&quot;&quot;,&quot;size&quot;:&quot;&quot;},&quot;jet_parallax_layout_image_mobile&quot;:{&quot;url&quot;:&quot;&quot;,&quot;id&quot;:&quot;&quot;,&quot;size&quot;:&quot;&quot;},&quot;jet_parallax_layout_speed&quot;:{&quot;unit&quot;:&quot;%&quot;,&quot;size&quot;:50,&quot;sizes&quot;:[]},&quot;jet_parallax_layout_type&quot;:&quot;scroll&quot;,&quot;jet_parallax_layout_direction&quot;:null,&quot;jet_parallax_layout_fx_direction&quot;:null,&quot;jet_parallax_layout_z_index&quot;:&quot;&quot;,&quot;jet_parallax_layout_bg_x&quot;:50,&quot;jet_parallax_layout_bg_x_tablet&quot;:&quot;&quot;,&quot;jet_parallax_layout_bg_x_mobile&quot;:&quot;&quot;,&quot;jet_parallax_layout_bg_y&quot;:50,&quot;jet_parallax_layout_bg_y_tablet&quot;:&quot;&quot;,&quot;jet_parallax_layout_bg_y_mobile&quot;:&quot;&quot;,&quot;jet_parallax_layout_bg_size&quot;:&quot;auto&quot;,&quot;jet_parallax_layout_bg_size_tablet&quot;:&quot;&quot;,&quot;jet_parallax_layout_bg_size_mobile&quot;:&quot;&quot;,&quot;jet_parallax_layout_animation_prop&quot;:&quot;transform&quot;,&quot;jet_parallax_layout_on&quot;:[&quot;desktop&quot;,&quot;tablet&quot;]}]}\">\n\t\t\t\t\t\t<div class=\"elementor-container elementor-column-gap-default\">\n\t\t\t\t\t\t<\/div>\n\t\t<\/section>\n\t\t\t\t<\/div>\n\t\t","protected":false},"excerpt":{"rendered":"<p>UNSER EHRENKODEX Die Mitglieder des VUSH versprechen: Qualit\u00e4t &amp; Professionalit\u00e4t Einen hohen Qualit\u00e4tsstandard in zeit- und kosteng\u00fcnstiger Art und Weise zu erbringen. Jederzeit die h\u00f6chsten Professionalit\u00e4tsstandards einzuhalten. Eine gute Gesch\u00e4ftsethik zu praktizieren. Korrektes Verhalten Verantwortungsbewusst, vorurteilslos und taktvoll zu handeln Ihre Kunden anst\u00e4ndig und ehrlich zu vertreten. Eine positive und professionelle Haltung in allen gesch\u00e4ftlichen&#8230;<a href=\"https:\/\/vush.ch\/it\/statuten\/\" class=\"epl-more-link\">Read More&rarr;<\/a><\/p>","protected":false},"author":1,"featured_media":0,"parent":0,"menu_order":0,"comment_status":"closed","ping_status":"closed","template":"elementor_header_footer","meta":{"footnotes":""},"yoast_head":"<!-- This site is optimized with the Yoast SEO plugin v24.5 - https:\/\/yoast.com\/wordpress\/plugins\/seo\/ -->\n<title>Statuten - VUSH<\/title>\n<meta name=\"robots\" content=\"index, follow, max-snippet:-1, max-image-preview:large, max-video-preview:-1\" \/>\n<link rel=\"canonical\" href=\"https:\/\/vush.ch\/it\/statuten\/\" \/>\n<meta property=\"og:locale\" content=\"it_IT\" \/>\n<meta property=\"og:type\" content=\"article\" \/>\n<meta property=\"og:title\" content=\"Statuten - VUSH\" \/>\n<meta property=\"og:description\" content=\"UNSER EHRENKODEX Die Mitglieder des VUSH versprechen: Qualit\u00e4t &amp; Professionalit\u00e4t Einen hohen Qualit\u00e4tsstandard in zeit- und kosteng\u00fcnstiger Art und Weise zu erbringen. Jederzeit die h\u00f6chsten Professionalit\u00e4tsstandards einzuhalten. Eine gute Gesch\u00e4ftsethik zu praktizieren. Korrektes Verhalten Verantwortungsbewusst, vorurteilslos und taktvoll zu handeln Ihre Kunden anst\u00e4ndig und ehrlich zu vertreten. Eine positive und professionelle Haltung in allen gesch\u00e4ftlichen...Read More&rarr;\" \/>\n<meta property=\"og:url\" content=\"https:\/\/vush.ch\/it\/statuten\/\" \/>\n<meta property=\"og:site_name\" content=\"VUSH\" \/>\n<meta property=\"article:modified_time\" content=\"2026-02-03T16:11:51+00:00\" \/>\n<meta property=\"og:image\" content=\"https:\/\/vush.ch\/wp-content\/uploads\/2020\/04\/icons8-guarantee-100.png\" \/>\n\t<meta property=\"og:image:width\" content=\"100\" \/>\n\t<meta property=\"og:image:height\" content=\"100\" \/>\n\t<meta property=\"og:image:type\" content=\"image\/png\" \/>\n<meta name=\"twitter:card\" content=\"summary_large_image\" \/>\n<meta name=\"twitter:label1\" content=\"Tempo di lettura stimato\" \/>\n\t<meta name=\"twitter:data1\" content=\"2 minuti\" \/>\n<!-- \/ Yoast SEO plugin. -->","yoast_head_json":{"title":"Statuten - VUSH","robots":{"index":"index","follow":"follow","max-snippet":"max-snippet:-1","max-image-preview":"max-image-preview:large","max-video-preview":"max-video-preview:-1"},"canonical":"https:\/\/vush.ch\/it\/statuten\/","og_locale":"it_IT","og_type":"article","og_title":"Statuten - VUSH","og_description":"UNSER EHRENKODEX Die Mitglieder des VUSH versprechen: Qualit\u00e4t &amp; Professionalit\u00e4t Einen hohen Qualit\u00e4tsstandard in zeit- und kosteng\u00fcnstiger Art und Weise zu erbringen. Jederzeit die h\u00f6chsten Professionalit\u00e4tsstandards einzuhalten. Eine gute Gesch\u00e4ftsethik zu praktizieren. Korrektes Verhalten Verantwortungsbewusst, vorurteilslos und taktvoll zu handeln Ihre Kunden anst\u00e4ndig und ehrlich zu vertreten. Eine positive und professionelle Haltung in allen gesch\u00e4ftlichen...Read More&rarr;","og_url":"https:\/\/vush.ch\/it\/statuten\/","og_site_name":"VUSH","article_modified_time":"2026-02-03T16:11:51+00:00","og_image":[{"width":100,"height":100,"url":"https:\/\/vush.ch\/wp-content\/uploads\/2020\/04\/icons8-guarantee-100.png","type":"image\/png"}],"twitter_card":"summary_large_image","twitter_misc":{"Tempo di lettura stimato":"2 minuti"},"schema":{"@context":"https:\/\/schema.org","@graph":[{"@type":"WebPage","@id":"https:\/\/vush.ch\/statuten\/","url":"https:\/\/vush.ch\/statuten\/","name":"Statuten - VUSH","isPartOf":{"@id":"https:\/\/vush.ch\/#website"},"primaryImageOfPage":{"@id":"https:\/\/vush.ch\/statuten\/#primaryimage"},"image":{"@id":"https:\/\/vush.ch\/statuten\/#primaryimage"},"thumbnailUrl":"https:\/\/vush.ch\/wp-content\/uploads\/2020\/04\/icons8-guarantee-100.png","datePublished":"2020-04-07T05:16:15+00:00","dateModified":"2026-02-03T16:11:51+00:00","breadcrumb":{"@id":"https:\/\/vush.ch\/statuten\/#breadcrumb"},"inLanguage":"it-IT","potentialAction":[{"@type":"ReadAction","target":["https:\/\/vush.ch\/statuten\/"]}]},{"@type":"ImageObject","inLanguage":"it-IT","@id":"https:\/\/vush.ch\/statuten\/#primaryimage","url":"https:\/\/vush.ch\/wp-content\/uploads\/2020\/04\/icons8-guarantee-100.png","contentUrl":"https:\/\/vush.ch\/wp-content\/uploads\/2020\/04\/icons8-guarantee-100.png"},{"@type":"BreadcrumbList","@id":"https:\/\/vush.ch\/statuten\/#breadcrumb","itemListElement":[{"@type":"ListItem","position":1,"name":"Startseite","item":"https:\/\/vush.ch\/"},{"@type":"ListItem","position":2,"name":"Statuten"}]},{"@type":"WebSite","@id":"https:\/\/vush.ch\/#website","url":"https:\/\/vush.ch\/","name":"VUSH","description":"Associazione wedding planner in Svizzera VUSH","publisher":{"@id":"https:\/\/vush.ch\/#organization"},"potentialAction":[{"@type":"SearchAction","target":{"@type":"EntryPoint","urlTemplate":"https:\/\/vush.ch\/?s={search_term_string}"},"query-input":{"@type":"PropertyValueSpecification","valueRequired":true,"valueName":"search_term_string"}}],"inLanguage":"it-IT"},{"@type":"Organization","@id":"https:\/\/vush.ch\/#organization","name":"VUSH","url":"https:\/\/vush.ch\/","logo":{"@type":"ImageObject","inLanguage":"it-IT","@id":"https:\/\/vush.ch\/#\/schema\/logo\/image\/","url":"https:\/\/vush.ch\/wp-content\/uploads\/2020\/04\/cropped-logo.png","contentUrl":"https:\/\/vush.ch\/wp-content\/uploads\/2020\/04\/cropped-logo.png","width":1350,"height":640,"caption":"VUSH"},"image":{"@id":"https:\/\/vush.ch\/#\/schema\/logo\/image\/"}}]}},"_links":{"self":[{"href":"https:\/\/vush.ch\/it\/wp-json\/wp\/v2\/pages\/446"}],"collection":[{"href":"https:\/\/vush.ch\/it\/wp-json\/wp\/v2\/pages"}],"about":[{"href":"https:\/\/vush.ch\/it\/wp-json\/wp\/v2\/types\/page"}],"author":[{"embeddable":true,"href":"https:\/\/vush.ch\/it\/wp-json\/wp\/v2\/users\/1"}],"replies":[{"embeddable":true,"href":"https:\/\/vush.ch\/it\/wp-json\/wp\/v2\/comments?post=446"}],"version-history":[{"count":73,"href":"https:\/\/vush.ch\/it\/wp-json\/wp\/v2\/pages\/446\/revisions"}],"predecessor-version":[{"id":5242,"href":"https:\/\/vush.ch\/it\/wp-json\/wp\/v2\/pages\/446\/revisions\/5242"}],"wp:attachment":[{"href":"https:\/\/vush.ch\/it\/wp-json\/wp\/v2\/media?parent=446"}],"curies":[{"name":"wp","href":"https:\/\/api.w.org\/{rel}","templated":true}]}}