{"id":555,"date":"2020-04-21T14:49:19","date_gmt":"2020-04-21T14:49:19","guid":{"rendered":"https:\/\/vush.ch\/?page_id=555"},"modified":"2024-01-04T02:13:37","modified_gmt":"2024-01-04T00:13:37","slug":"ausbildung-zum-wedding-planner","status":"publish","type":"page","link":"https:\/\/vush.ch\/it\/ausbildung-zum-wedding-planner\/","title":{"rendered":"Formazione"},"content":{"rendered":"\t\t<div data-elementor-type=\"wp-page\" data-elementor-id=\"555\" class=\"elementor elementor-555\">\n\t\t\t\t\t\t<section class=\"elementor-section elementor-top-section elementor-element elementor-element-2a39248b elementor-section-full_width elementor-section-content-middle elementor-section-height-default elementor-section-height-default\" data-id=\"2a39248b\" data-element_type=\"section\" data-settings=\"{&quot;jet_parallax_layout_list&quot;:[{&quot;jet_parallax_layout_image&quot;:{&quot;url&quot;:&quot;&quot;,&quot;id&quot;:&quot;&quot;,&quot;size&quot;:&quot;&quot;},&quot;_id&quot;:&quot;9e6e03f&quot;,&quot;jet_parallax_layout_image_tablet&quot;:{&quot;url&quot;:&quot;&quot;,&quot;id&quot;:&quot;&quot;,&quot;size&quot;:&quot;&quot;},&quot;jet_parallax_layout_image_mobile&quot;:{&quot;url&quot;:&quot;&quot;,&quot;id&quot;:&quot;&quot;,&quot;size&quot;:&quot;&quot;},&quot;jet_parallax_layout_speed&quot;:{&quot;unit&quot;:&quot;%&quot;,&quot;size&quot;:50,&quot;sizes&quot;:[]},&quot;jet_parallax_layout_type&quot;:&quot;scroll&quot;,&quot;jet_parallax_layout_direction&quot;:null,&quot;jet_parallax_layout_fx_direction&quot;:null,&quot;jet_parallax_layout_z_index&quot;:&quot;&quot;,&quot;jet_parallax_layout_bg_x&quot;:50,&quot;jet_parallax_layout_bg_x_tablet&quot;:&quot;&quot;,&quot;jet_parallax_layout_bg_x_mobile&quot;:&quot;&quot;,&quot;jet_parallax_layout_bg_y&quot;:50,&quot;jet_parallax_layout_bg_y_tablet&quot;:&quot;&quot;,&quot;jet_parallax_layout_bg_y_mobile&quot;:&quot;&quot;,&quot;jet_parallax_layout_bg_size&quot;:&quot;auto&quot;,&quot;jet_parallax_layout_bg_size_tablet&quot;:&quot;&quot;,&quot;jet_parallax_layout_bg_size_mobile&quot;:&quot;&quot;,&quot;jet_parallax_layout_animation_prop&quot;:&quot;transform&quot;,&quot;jet_parallax_layout_on&quot;:[&quot;desktop&quot;,&quot;tablet&quot;]}],&quot;background_background&quot;:&quot;classic&quot;}\">\n\t\t\t\t\t\t<div class=\"elementor-container elementor-column-gap-default\">\n\t\t\t\t\t<div class=\"elementor-column elementor-col-100 elementor-top-column elementor-element elementor-element-3d2f942\" data-id=\"3d2f942\" data-element_type=\"column\">\n\t\t\t<div class=\"elementor-widget-wrap elementor-element-populated\">\n\t\t\t\t\t\t<div class=\"elementor-element elementor-element-42021f9d elementor-widget elementor-widget-heading\" data-id=\"42021f9d\" data-element_type=\"widget\" data-widget_type=\"heading.default\">\n\t\t\t\t<div class=\"elementor-widget-container\">\n\t\t\t\t\t<h1 class=\"elementor-heading-title elementor-size-default\">ALS HOCHZEITSPLANER DURCHSTARTEN<\/h1>\t\t\t\t<\/div>\n\t\t\t\t<\/div>\n\t\t\t\t\t<\/div>\n\t\t<\/div>\n\t\t\t\t\t<\/div>\n\t\t<\/section>\n\t\t\t\t<section class=\"elementor-section elementor-top-section elementor-element elementor-element-f1121f5 elementor-section-content-middle elementor-section-boxed elementor-section-height-default elementor-section-height-default\" data-id=\"f1121f5\" data-element_type=\"section\" data-settings=\"{&quot;jet_parallax_layout_list&quot;:[{&quot;jet_parallax_layout_image&quot;:{&quot;url&quot;:&quot;&quot;,&quot;id&quot;:&quot;&quot;,&quot;size&quot;:&quot;&quot;},&quot;jet_parallax_layout_image_tablet&quot;:{&quot;url&quot;:&quot;&quot;,&quot;id&quot;:&quot;&quot;,&quot;size&quot;:&quot;&quot;},&quot;jet_parallax_layout_image_mobile&quot;:{&quot;url&quot;:&quot;&quot;,&quot;id&quot;:&quot;&quot;,&quot;size&quot;:&quot;&quot;},&quot;_id&quot;:&quot;eec9a28&quot;,&quot;jet_parallax_layout_speed&quot;:{&quot;unit&quot;:&quot;%&quot;,&quot;size&quot;:50,&quot;sizes&quot;:[]},&quot;jet_parallax_layout_type&quot;:&quot;scroll&quot;,&quot;jet_parallax_layout_direction&quot;:null,&quot;jet_parallax_layout_fx_direction&quot;:null,&quot;jet_parallax_layout_z_index&quot;:&quot;&quot;,&quot;jet_parallax_layout_bg_x&quot;:50,&quot;jet_parallax_layout_bg_x_tablet&quot;:&quot;&quot;,&quot;jet_parallax_layout_bg_x_mobile&quot;:&quot;&quot;,&quot;jet_parallax_layout_bg_y&quot;:50,&quot;jet_parallax_layout_bg_y_tablet&quot;:&quot;&quot;,&quot;jet_parallax_layout_bg_y_mobile&quot;:&quot;&quot;,&quot;jet_parallax_layout_bg_size&quot;:&quot;auto&quot;,&quot;jet_parallax_layout_bg_size_tablet&quot;:&quot;&quot;,&quot;jet_parallax_layout_bg_size_mobile&quot;:&quot;&quot;,&quot;jet_parallax_layout_animation_prop&quot;:&quot;transform&quot;,&quot;jet_parallax_layout_on&quot;:[&quot;desktop&quot;,&quot;tablet&quot;]}],&quot;background_background&quot;:&quot;classic&quot;}\">\n\t\t\t\t\t\t<div class=\"elementor-container elementor-column-gap-no\">\n\t\t\t\t\t<div class=\"elementor-column elementor-col-100 elementor-top-column elementor-element elementor-element-f7ef564\" data-id=\"f7ef564\" data-element_type=\"column\">\n\t\t\t<div class=\"elementor-widget-wrap elementor-element-populated\">\n\t\t\t\t\t\t<div class=\"elementor-element elementor-element-9967e03 elementor-widget elementor-widget-heading\" data-id=\"9967e03\" data-element_type=\"widget\" data-widget_type=\"heading.default\">\n\t\t\t\t<div class=\"elementor-widget-container\">\n\t\t\t\t\t<h2 class=\"elementor-heading-title elementor-size-default\">Den Beruf des Wedding Planner erlernen<\/h2>\t\t\t\t<\/div>\n\t\t\t\t<\/div>\n\t\t\t\t<div class=\"elementor-element elementor-element-7b6ec43 elementor-widget elementor-widget-text-editor\" data-id=\"7b6ec43\" data-element_type=\"widget\" data-widget_type=\"text-editor.default\">\n\t\t\t\t<div class=\"elementor-widget-container\">\n\t\t\t\t\t\t\t\t\t<p>Unter den VUSH-<a href=\"https:\/\/vush.ch\/schweizer-hochzeitsplaner-und-vush-mitglieder\/\">Mitgliedern<\/a> tummeln sich zwei erfahrene und langj\u00e4hrige Hochzeitsplanerinnen, die es sich zur Aufgabe gemacht haben, ihr Wissen zu teilen und weiterzugeben. Sie bieten eine Ausbildung zum Wedding Planner.<\/p>\t\t\t\t\t\t\t\t<\/div>\n\t\t\t\t<\/div>\n\t\t\t\t\t<\/div>\n\t\t<\/div>\n\t\t\t\t\t<\/div>\n\t\t<\/section>\n\t\t\t\t<section class=\"elementor-section elementor-top-section elementor-element elementor-element-eab4114 elementor-section-boxed elementor-section-height-default elementor-section-height-default\" data-id=\"eab4114\" data-element_type=\"section\" data-settings=\"{&quot;jet_parallax_layout_list&quot;:[{&quot;jet_parallax_layout_image&quot;:{&quot;url&quot;:&quot;&quot;,&quot;id&quot;:&quot;&quot;,&quot;size&quot;:&quot;&quot;},&quot;_id&quot;:&quot;76ee929&quot;,&quot;jet_parallax_layout_image_tablet&quot;:{&quot;url&quot;:&quot;&quot;,&quot;id&quot;:&quot;&quot;,&quot;size&quot;:&quot;&quot;},&quot;jet_parallax_layout_image_mobile&quot;:{&quot;url&quot;:&quot;&quot;,&quot;id&quot;:&quot;&quot;,&quot;size&quot;:&quot;&quot;},&quot;jet_parallax_layout_speed&quot;:{&quot;unit&quot;:&quot;%&quot;,&quot;size&quot;:50,&quot;sizes&quot;:[]},&quot;jet_parallax_layout_type&quot;:&quot;scroll&quot;,&quot;jet_parallax_layout_direction&quot;:null,&quot;jet_parallax_layout_fx_direction&quot;:null,&quot;jet_parallax_layout_z_index&quot;:&quot;&quot;,&quot;jet_parallax_layout_bg_x&quot;:50,&quot;jet_parallax_layout_bg_x_tablet&quot;:&quot;&quot;,&quot;jet_parallax_layout_bg_x_mobile&quot;:&quot;&quot;,&quot;jet_parallax_layout_bg_y&quot;:50,&quot;jet_parallax_layout_bg_y_tablet&quot;:&quot;&quot;,&quot;jet_parallax_layout_bg_y_mobile&quot;:&quot;&quot;,&quot;jet_parallax_layout_bg_size&quot;:&quot;auto&quot;,&quot;jet_parallax_layout_bg_size_tablet&quot;:&quot;&quot;,&quot;jet_parallax_layout_bg_size_mobile&quot;:&quot;&quot;,&quot;jet_parallax_layout_animation_prop&quot;:&quot;transform&quot;,&quot;jet_parallax_layout_on&quot;:[&quot;desktop&quot;,&quot;tablet&quot;]}]}\">\n\t\t\t\t\t\t<div class=\"elementor-container elementor-column-gap-default\">\n\t\t\t\t\t<div class=\"elementor-column elementor-col-100 elementor-top-column elementor-element elementor-element-33e2135\" data-id=\"33e2135\" data-element_type=\"column\">\n\t\t\t<div class=\"elementor-widget-wrap elementor-element-populated\">\n\t\t\t\t\t\t<section class=\"elementor-section elementor-inner-section elementor-element elementor-element-6453156 elementor-section-boxed elementor-section-height-default elementor-section-height-default\" data-id=\"6453156\" data-element_type=\"section\" data-settings=\"{&quot;jet_parallax_layout_list&quot;:[{&quot;jet_parallax_layout_image&quot;:{&quot;url&quot;:&quot;&quot;,&quot;id&quot;:&quot;&quot;,&quot;size&quot;:&quot;&quot;},&quot;_id&quot;:&quot;0f171ab&quot;,&quot;jet_parallax_layout_image_tablet&quot;:{&quot;url&quot;:&quot;&quot;,&quot;id&quot;:&quot;&quot;,&quot;size&quot;:&quot;&quot;},&quot;jet_parallax_layout_image_mobile&quot;:{&quot;url&quot;:&quot;&quot;,&quot;id&quot;:&quot;&quot;,&quot;size&quot;:&quot;&quot;},&quot;jet_parallax_layout_speed&quot;:{&quot;unit&quot;:&quot;%&quot;,&quot;size&quot;:50,&quot;sizes&quot;:[]},&quot;jet_parallax_layout_type&quot;:&quot;scroll&quot;,&quot;jet_parallax_layout_direction&quot;:null,&quot;jet_parallax_layout_fx_direction&quot;:null,&quot;jet_parallax_layout_z_index&quot;:&quot;&quot;,&quot;jet_parallax_layout_bg_x&quot;:50,&quot;jet_parallax_layout_bg_x_tablet&quot;:&quot;&quot;,&quot;jet_parallax_layout_bg_x_mobile&quot;:&quot;&quot;,&quot;jet_parallax_layout_bg_y&quot;:50,&quot;jet_parallax_layout_bg_y_tablet&quot;:&quot;&quot;,&quot;jet_parallax_layout_bg_y_mobile&quot;:&quot;&quot;,&quot;jet_parallax_layout_bg_size&quot;:&quot;auto&quot;,&quot;jet_parallax_layout_bg_size_tablet&quot;:&quot;&quot;,&quot;jet_parallax_layout_bg_size_mobile&quot;:&quot;&quot;,&quot;jet_parallax_layout_animation_prop&quot;:&quot;transform&quot;,&quot;jet_parallax_layout_on&quot;:[&quot;desktop&quot;,&quot;tablet&quot;]}]}\">\n\t\t\t\t\t\t<div class=\"elementor-container elementor-column-gap-default\">\n\t\t\t\t\t<div class=\"elementor-column elementor-col-50 elementor-inner-column elementor-element elementor-element-0d88497\" data-id=\"0d88497\" data-element_type=\"column\">\n\t\t\t<div class=\"elementor-widget-wrap elementor-element-populated\">\n\t\t\t\t\t\t<div class=\"elementor-element elementor-element-ee35a23 elementor-position-top elementor-widget elementor-widget-image-box\" data-id=\"ee35a23\" data-element_type=\"widget\" data-widget_type=\"image-box.default\">\n\t\t\t\t<div class=\"elementor-widget-container\">\n\t\t\t\t\t<div class=\"elementor-image-box-wrapper\"><figure class=\"elementor-image-box-img\"><a href=\"https:\/\/www.awee.ch\/\" target=\"_blank\" tabindex=\"-1\"><img fetchpriority=\"high\" decoding=\"async\" width=\"900\" height=\"600\" src=\"https:\/\/vush.ch\/wp-content\/uploads\/2023\/03\/Logo_awee_rgb.png\" class=\"attachment-full size-full wp-image-4508\" alt=\"\" srcset=\"https:\/\/vush.ch\/wp-content\/uploads\/2023\/03\/Logo_awee_rgb.png 900w, https:\/\/vush.ch\/wp-content\/uploads\/2023\/03\/Logo_awee_rgb-300x200.png 300w, https:\/\/vush.ch\/wp-content\/uploads\/2023\/03\/Logo_awee_rgb-768x512.png 768w, https:\/\/vush.ch\/wp-content\/uploads\/2023\/03\/Logo_awee_rgb-18x12.png 18w, https:\/\/vush.ch\/wp-content\/uploads\/2023\/03\/Logo_awee_rgb-600x400.png 600w, https:\/\/vush.ch\/wp-content\/uploads\/2023\/03\/Logo_awee_rgb-450x300.png 450w, https:\/\/vush.ch\/wp-content\/uploads\/2023\/03\/Logo_awee_rgb-310x207.png 310w, https:\/\/vush.ch\/wp-content\/uploads\/2023\/03\/Logo_awee_rgb-150x100.png 150w\" sizes=\"(max-width: 900px) 100vw, 900px\" \/><\/a><\/figure><div class=\"elementor-image-box-content\"><h3 class=\"elementor-image-box-title\"><a href=\"https:\/\/www.awee.ch\/\" target=\"_blank\">AWEE Academy Wedding &amp; Event Education, W\u00e4denswil ZH<\/a><\/h3><p class=\"elementor-image-box-description\">Mitglied VUSH: Caterina Pelosato Bieg, Mitinhaberin von Wedding \u00e0 la carte GmbH<\/p><\/div><\/div>\t\t\t\t<\/div>\n\t\t\t\t<\/div>\n\t\t\t\t<div class=\"elementor-element elementor-element-3e4a39d elementor-widget elementor-widget-text-editor\" data-id=\"3e4a39d\" data-element_type=\"widget\" data-widget_type=\"text-editor.default\">\n\t\t\t\t<div class=\"elementor-widget-container\">\n\t\t\t\t\t\t\t\t\t<p style=\"text-align: center;\"><a href=\"https:\/\/www.awee.ch\/\" target=\"_blank\" rel=\"noopener\">www.awee.ch<\/a><\/p>\t\t\t\t\t\t\t\t<\/div>\n\t\t\t\t<\/div>\n\t\t\t\t\t<\/div>\n\t\t<\/div>\n\t\t\t\t<div class=\"elementor-column elementor-col-50 elementor-inner-column elementor-element elementor-element-9bcf631\" data-id=\"9bcf631\" data-element_type=\"column\">\n\t\t\t<div class=\"elementor-widget-wrap elementor-element-populated\">\n\t\t\t\t\t\t<div class=\"elementor-element elementor-element-fb97911 elementor-position-top elementor-widget elementor-widget-image-box\" data-id=\"fb97911\" data-element_type=\"widget\" data-widget_type=\"image-box.default\">\n\t\t\t\t<div class=\"elementor-widget-container\">\n\t\t\t\t\t<div class=\"elementor-image-box-wrapper\"><figure class=\"elementor-image-box-img\"><a href=\"https:\/\/www.hochzeitsplanung.ch\/ausbildung.php\" target=\"_blank\" tabindex=\"-1\"><img decoding=\"async\" width=\"200\" height=\"138\" src=\"https:\/\/vush.ch\/wp-content\/uploads\/2020\/05\/logo-hochheuser-hochzeitsplanung.jpg\" class=\"attachment-full size-full wp-image-1073\" alt=\"Logo Hochheuser Hochzeitsplanung\" \/><\/a><\/figure><div class=\"elementor-image-box-content\"><h3 class=\"elementor-image-box-title\"><a href=\"https:\/\/www.hochzeitsplanung.ch\/ausbildung.php\" target=\"_blank\"><br>Hochheuser Hochzeitsplanung, ZH<\/a><\/h3><p class=\"elementor-image-box-description\">Mitglied VUSH: Yvonne Hochzeuser, Inhaberin von Hochheuser Hochzeitsplanung<\/p><\/div><\/div>\t\t\t\t<\/div>\n\t\t\t\t<\/div>\n\t\t\t\t<div class=\"elementor-element elementor-element-08d7adc elementor-widget elementor-widget-text-editor\" data-id=\"08d7adc\" data-element_type=\"widget\" data-widget_type=\"text-editor.default\">\n\t\t\t\t<div class=\"elementor-widget-container\">\n\t\t\t\t\t\t\t\t\t<p style=\"text-align: center;\"><a href=\"https:\/\/www.hochzeitsplanung.ch\/ausbildung.php\" target=\"_blank\" rel=\"noopener\">www.hochzeitsplanung.ch\/ausbildung<\/a><\/p>\t\t\t\t\t\t\t\t<\/div>\n\t\t\t\t<\/div>\n\t\t\t\t\t<\/div>\n\t\t<\/div>\n\t\t\t\t\t<\/div>\n\t\t<\/section>\n\t\t\t\t<div class=\"elementor-element elementor-element-73ffbc1 elementor-widget elementor-widget-spacer\" data-id=\"73ffbc1\" data-element_type=\"widget\" data-widget_type=\"spacer.default\">\n\t\t\t\t<div class=\"elementor-widget-container\">\n\t\t\t\t\t\t\t<div class=\"elementor-spacer\">\n\t\t\t<div class=\"elementor-spacer-inner\"><\/div>\n\t\t<\/div>\n\t\t\t\t\t\t<\/div>\n\t\t\t\t<\/div>\n\t\t\t\t<div class=\"elementor-element elementor-element-dac203c elementor-widget elementor-widget-text-editor\" data-id=\"dac203c\" data-element_type=\"widget\" data-widget_type=\"text-editor.default\">\n\t\t\t\t<div class=\"elementor-widget-container\">\n\t\t\t\t\t\t\t\t\t<p><em>*Angaben und Vollst\u00e4ndigkeit ohne Gew\u00e4hr. Institutionen, Organisationen, Unternehmen und anderweitige Anbieter von seri\u00f6sen Seminaren, Weiterbildungen und Ausbildungen im Bereich Hochzeitsplanung mit Austragungsort Schweiz, d\u00fcrfen sich gerne beim VUSH-Vorstand melden. Eine Aufschaltung wird nicht garantiert.<\/em><\/p>\t\t\t\t\t\t\t\t<\/div>\n\t\t\t\t<\/div>\n\t\t\t\t\t<\/div>\n\t\t<\/div>\n\t\t\t\t\t<\/div>\n\t\t<\/section>\n\t\t\t\t<\/div>\n\t\t","protected":false},"excerpt":{"rendered":"<p>ALS HOCHZEITSPLANER DURCHSTARTEN Den Beruf des Wedding Planner erlernen Unter den VUSH-Mitgliedern tummeln sich zwei erfahrene und langj\u00e4hrige Hochzeitsplanerinnen, die es sich zur Aufgabe gemacht haben, ihr Wissen zu teilen und weiterzugeben. Sie bieten eine Ausbildung zum Wedding Planner. AWEE Academy Wedding &amp; Event Education, W\u00e4denswil ZH Mitglied VUSH: Caterina Pelosato Bieg, Mitinhaberin von Wedding&#8230;<a href=\"https:\/\/vush.ch\/it\/ausbildung-zum-wedding-planner\/\" class=\"epl-more-link\">Read More&rarr;<\/a><\/p>","protected":false},"author":1,"featured_media":0,"parent":0,"menu_order":0,"comment_status":"closed","ping_status":"closed","template":"elementor_header_footer","meta":{"footnotes":""},"yoast_head":"<!-- This site is optimized with the Yoast SEO plugin v24.5 - https:\/\/yoast.com\/wordpress\/plugins\/seo\/ -->\n<title>Ausbildung zum Hochzeitsplaner \u2013 Mitglieder des VUSH sind Ausbildner<\/title>\n<meta name=\"description\" content=\"VUSH-Mitglieder lassen den Beruf des Wedding Planner wahr werden: AWEE und Hochh\u00e4user Hochzeitsplanung bieten die Hochzeitsplaner-Ausbildung.\" \/>\n<meta name=\"robots\" content=\"index, follow, max-snippet:-1, max-image-preview:large, max-video-preview:-1\" \/>\n<link rel=\"canonical\" href=\"https:\/\/vush.ch\/it\/ausbildung-zum-wedding-planner\/\" \/>\n<meta property=\"og:locale\" content=\"it_IT\" \/>\n<meta property=\"og:type\" content=\"article\" \/>\n<meta property=\"og:title\" content=\"Ausbildung zum Hochzeitsplaner \u2013 Mitglieder des VUSH sind Ausbildner\" \/>\n<meta property=\"og:description\" content=\"VUSH-Mitglieder lassen den Beruf des Wedding Planner wahr werden: AWEE und Hochh\u00e4user Hochzeitsplanung bieten die Hochzeitsplaner-Ausbildung.\" \/>\n<meta property=\"og:url\" content=\"https:\/\/vush.ch\/it\/ausbildung-zum-wedding-planner\/\" \/>\n<meta property=\"og:site_name\" content=\"VUSH\" \/>\n<meta property=\"article:modified_time\" content=\"2024-01-04T00:13:37+00:00\" \/>\n<meta property=\"og:image\" content=\"https:\/\/vush.ch\/wp-content\/uploads\/2023\/03\/Logo_awee_rgb.png\" \/>\n<meta name=\"twitter:card\" content=\"summary_large_image\" \/>\n<meta name=\"twitter:label1\" content=\"Tempo di lettura stimato\" \/>\n\t<meta name=\"twitter:data1\" content=\"1 minuto\" \/>\n<!-- \/ Yoast SEO plugin. -->","yoast_head_json":{"title":"Ausbildung zum Hochzeitsplaner \u2013 Mitglieder des VUSH sind Ausbildner","description":"VUSH-Mitglieder lassen den Beruf des Wedding Planner wahr werden: AWEE und Hochh\u00e4user Hochzeitsplanung bieten die Hochzeitsplaner-Ausbildung.","robots":{"index":"index","follow":"follow","max-snippet":"max-snippet:-1","max-image-preview":"max-image-preview:large","max-video-preview":"max-video-preview:-1"},"canonical":"https:\/\/vush.ch\/it\/ausbildung-zum-wedding-planner\/","og_locale":"it_IT","og_type":"article","og_title":"Ausbildung zum Hochzeitsplaner \u2013 Mitglieder des VUSH sind Ausbildner","og_description":"VUSH-Mitglieder lassen den Beruf des Wedding Planner wahr werden: AWEE und Hochh\u00e4user Hochzeitsplanung bieten die Hochzeitsplaner-Ausbildung.","og_url":"https:\/\/vush.ch\/it\/ausbildung-zum-wedding-planner\/","og_site_name":"VUSH","article_modified_time":"2024-01-04T00:13:37+00:00","og_image":[{"url":"https:\/\/vush.ch\/wp-content\/uploads\/2023\/03\/Logo_awee_rgb.png","type":"","width":"","height":""}],"twitter_card":"summary_large_image","twitter_misc":{"Tempo di lettura stimato":"1 minuto"},"schema":{"@context":"https:\/\/schema.org","@graph":[{"@type":"WebPage","@id":"https:\/\/vush.ch\/ausbildung-zum-wedding-planner\/","url":"https:\/\/vush.ch\/ausbildung-zum-wedding-planner\/","name":"Ausbildung zum Hochzeitsplaner \u2013 Mitglieder des VUSH sind Ausbildner","isPartOf":{"@id":"https:\/\/vush.ch\/#website"},"primaryImageOfPage":{"@id":"https:\/\/vush.ch\/ausbildung-zum-wedding-planner\/#primaryimage"},"image":{"@id":"https:\/\/vush.ch\/ausbildung-zum-wedding-planner\/#primaryimage"},"thumbnailUrl":"https:\/\/vush.ch\/wp-content\/uploads\/2023\/03\/Logo_awee_rgb.png","datePublished":"2020-04-21T14:49:19+00:00","dateModified":"2024-01-04T00:13:37+00:00","description":"VUSH-Mitglieder lassen den Beruf des Wedding Planner wahr werden: AWEE und Hochh\u00e4user Hochzeitsplanung bieten die Hochzeitsplaner-Ausbildung.","breadcrumb":{"@id":"https:\/\/vush.ch\/ausbildung-zum-wedding-planner\/#breadcrumb"},"inLanguage":"it-IT","potentialAction":[{"@type":"ReadAction","target":["https:\/\/vush.ch\/ausbildung-zum-wedding-planner\/"]}]},{"@type":"ImageObject","inLanguage":"it-IT","@id":"https:\/\/vush.ch\/ausbildung-zum-wedding-planner\/#primaryimage","url":"https:\/\/vush.ch\/wp-content\/uploads\/2023\/03\/Logo_awee_rgb.png","contentUrl":"https:\/\/vush.ch\/wp-content\/uploads\/2023\/03\/Logo_awee_rgb.png"},{"@type":"BreadcrumbList","@id":"https:\/\/vush.ch\/ausbildung-zum-wedding-planner\/#breadcrumb","itemListElement":[{"@type":"ListItem","position":1,"name":"Startseite","item":"https:\/\/vush.ch\/"},{"@type":"ListItem","position":2,"name":"Ausbildung"}]},{"@type":"WebSite","@id":"https:\/\/vush.ch\/#website","url":"https:\/\/vush.ch\/","name":"VUSH","description":"Associazione wedding planner in Svizzera VUSH","publisher":{"@id":"https:\/\/vush.ch\/#organization"},"potentialAction":[{"@type":"SearchAction","target":{"@type":"EntryPoint","urlTemplate":"https:\/\/vush.ch\/?s={search_term_string}"},"query-input":{"@type":"PropertyValueSpecification","valueRequired":true,"valueName":"search_term_string"}}],"inLanguage":"it-IT"},{"@type":"Organization","@id":"https:\/\/vush.ch\/#organization","name":"VUSH","url":"https:\/\/vush.ch\/","logo":{"@type":"ImageObject","inLanguage":"it-IT","@id":"https:\/\/vush.ch\/#\/schema\/logo\/image\/","url":"https:\/\/vush.ch\/wp-content\/uploads\/2020\/04\/cropped-logo.png","contentUrl":"https:\/\/vush.ch\/wp-content\/uploads\/2020\/04\/cropped-logo.png","width":1350,"height":640,"caption":"VUSH"},"image":{"@id":"https:\/\/vush.ch\/#\/schema\/logo\/image\/"}}]}},"_links":{"self":[{"href":"https:\/\/vush.ch\/it\/wp-json\/wp\/v2\/pages\/555"}],"collection":[{"href":"https:\/\/vush.ch\/it\/wp-json\/wp\/v2\/pages"}],"about":[{"href":"https:\/\/vush.ch\/it\/wp-json\/wp\/v2\/types\/page"}],"author":[{"embeddable":true,"href":"https:\/\/vush.ch\/it\/wp-json\/wp\/v2\/users\/1"}],"replies":[{"embeddable":true,"href":"https:\/\/vush.ch\/it\/wp-json\/wp\/v2\/comments?post=555"}],"version-history":[{"count":55,"href":"https:\/\/vush.ch\/it\/wp-json\/wp\/v2\/pages\/555\/revisions"}],"predecessor-version":[{"id":4696,"href":"https:\/\/vush.ch\/it\/wp-json\/wp\/v2\/pages\/555\/revisions\/4696"}],"wp:attachment":[{"href":"https:\/\/vush.ch\/it\/wp-json\/wp\/v2\/media?parent=555"}],"curies":[{"name":"wp","href":"https:\/\/api.w.org\/{rel}","templated":true}]}}